{"id":61,"date":"2025-06-26T11:52:02","date_gmt":"2025-06-26T09:52:02","guid":{"rendered":"https:\/\/encaramadas.com\/?page_id=61"},"modified":"2025-10-24T11:55:04","modified_gmt":"2025-10-24T09:55:04","slug":"accesibilidad","status":"publish","type":"page","link":"https:\/\/encaramadas.com\/en\/accesibilidad\/","title":{"rendered":"Accessibility"},"content":{"rendered":"<div data-elementor-type=\"wp-page\" data-elementor-id=\"61\" class=\"elementor elementor-61\" data-elementor-post-type=\"page\">\n\t\t\t\t<div class=\"elementor-element elementor-element-6cf7019 e-flex e-con-boxed e-con e-parent\" data-id=\"6cf7019\" data-element_type=\"container\" data-e-type=\"container\">\n\t\t\t\t\t<div class=\"e-con-inner\">\n\t\t\t\t<div class=\"elementor-element elementor-element-e5a9213 elementor-widget elementor-widget-heading\" data-id=\"e5a9213\" data-element_type=\"widget\" data-e-type=\"widget\" data-widget_type=\"heading.default\">\n\t\t\t\t\t<h2 class=\"elementor-heading-title elementor-size-default\">Accessibility<\/h2>\t\t\t\t<\/div>\n\t\t\t\t<div class=\"elementor-element elementor-element-b5e6fc7 elementor-widget elementor-widget-text-editor\" data-id=\"b5e6fc7\" data-element_type=\"widget\" data-e-type=\"widget\" data-widget_type=\"text-editor.default\">\n\t\t\t\t\t\t\t\t\t<p>COMMITMENT TO ACCESSIBILITY<\/p>\t\t\t\t\t\t\t\t<\/div>\n\t\t\t\t<div class=\"elementor-element elementor-element-924f078 elementor-widget elementor-widget-text-editor\" data-id=\"924f078\" data-element_type=\"widget\" data-e-type=\"widget\" data-widget_type=\"text-editor.default\">\n\t\t\t\t\t\t\t\t\t<p>Irene Mar\u00eda Ballesteros Romero has committed to making her website accessible, in accordance with Royal Decree 1112\/2018, of September 7, on the accessibility of websites and applications for mobile devices.<br \/>This accessibility statement applies to the website https:\/\/www.encaramadas.com\/<br \/>This website is fully compliant with Royal Decree 1112\/2018.<br \/>Since it meets the following requirements:<\/p><ul><li>The website is accessible to its users, particularly to older adults and people with disabilities, so that the content is perceptible, operable, understandable, and robust, taking into account the provisions of Article 6.<\/li><li>Accessibility has been integrally considered throughout the design, management, maintenance, and updating of the website&#039;s content.<\/li><li>The website has taken steps to increase accessibility beyond the minimum accessibility level that must be met at all times.<\/li><\/ul><div>\u00a0<\/div>\t\t\t\t\t\t\t\t<\/div>\n\t\t\t\t<div class=\"elementor-element elementor-element-bbf0a13 elementor-widget elementor-widget-text-editor\" data-id=\"bbf0a13\" data-element_type=\"widget\" data-e-type=\"widget\" data-widget_type=\"text-editor.default\">\n\t\t\t\t\t\t\t\t\t<p>LACK OF COMPLIANCE WITH RD 1112\/2018<\/p>\t\t\t\t\t\t\t\t<\/div>\n\t\t\t\t<div class=\"elementor-element elementor-element-5019cef elementor-widget elementor-widget-text-editor\" data-id=\"5019cef\" data-element_type=\"widget\" data-e-type=\"widget\" data-widget_type=\"text-editor.default\">\n\t\t\t\t\t\t\t\t\t<p>ENCARAMADAS complies with RD 1112\/2018.<\/p>\t\t\t\t\t\t\t\t<\/div>\n\t\t\t\t<div class=\"elementor-element elementor-element-ba795ca elementor-widget elementor-widget-text-editor\" data-id=\"ba795ca\" data-element_type=\"widget\" data-e-type=\"widget\" data-widget_type=\"text-editor.default\">\n\t\t\t\t\t\t\t\t\t<p>DISPROPORTIONATE BURDEN<\/p>\t\t\t\t\t\t\t\t<\/div>\n\t\t\t\t<div class=\"elementor-element elementor-element-4c65254 elementor-widget elementor-widget-text-editor\" data-id=\"4c65254\" data-element_type=\"widget\" data-e-type=\"widget\" data-widget_type=\"text-editor.default\">\n\t\t\t\t\t\t\t\t\t<p>It is not considered that there is a disproportionate burden.<br \/>In order to assess the extent to which compliance with the accessibility requirements set forth in this Royal Decree imposes a disproportionate burden, we have taken into account the following circumstances:<\/p><p style=\"padding-left: 40px;\">a) The size, resources and nature of the specific obligated subject.<br \/>b) The estimated costs and benefits thereof, in relation to the estimated benefits for persons with disabilities and the elderly, taking into account the frequency and duration of use of the website or mobile application in particular.<\/p>\t\t\t\t\t\t\t\t<\/div>\n\t\t\t\t<div class=\"elementor-element elementor-element-d8cdde5 elementor-widget elementor-widget-text-editor\" data-id=\"d8cdde5\" data-element_type=\"widget\" data-e-type=\"widget\" data-widget_type=\"text-editor.default\">\n\t\t\t\t\t\t\t\t\t<p>THE CONTENT DOES NOT FALL WITHIN THE SCOPE OF APPLICABLE LEGISLATION<\/p>\t\t\t\t\t\t\t\t<\/div>\n\t\t\t\t<div class=\"elementor-element elementor-element-e66048e elementor-widget elementor-widget-text-editor\" data-id=\"e66048e\" data-element_type=\"widget\" data-e-type=\"widget\" data-widget_type=\"text-editor.default\">\n\t\t\t\t\t\t\t\t\t<p>n\/a<\/p>\t\t\t\t\t\t\t\t<\/div>\n\t\t\t\t<div class=\"elementor-element elementor-element-2a74d02 elementor-widget elementor-widget-text-editor\" data-id=\"2a74d02\" data-element_type=\"widget\" data-e-type=\"widget\" data-widget_type=\"text-editor.default\">\n\t\t\t\t\t\t\t\t\t<p>PREPARATION FOR THE NEXT ACCESSIBILITY STATEMENT<\/p>\t\t\t\t\t\t\t\t<\/div>\n\t\t\t\t<div class=\"elementor-element elementor-element-048a379 elementor-widget elementor-widget-text-editor\" data-id=\"048a379\" data-element_type=\"widget\" data-e-type=\"widget\" data-widget_type=\"text-editor.default\">\n\t\t\t\t\t\t\t\t\t<p>This statement was prepared on January 24, 2024.<br \/>The method used to prepare the declaration was a self-assessment carried out by the agency itself.<\/p>\t\t\t\t\t\t\t\t<\/div>\n\t\t\t\t<div class=\"elementor-element elementor-element-bfae572 elementor-widget elementor-widget-text-editor\" data-id=\"bfae572\" data-element_type=\"widget\" data-e-type=\"widget\" data-widget_type=\"text-editor.default\">\n\t\t\t\t\t\t\t\t\t<p>COMMENTS AND CONTACT INFORMATION<\/p>\t\t\t\t\t\t\t\t<\/div>\n\t\t\t\t<div class=\"elementor-element elementor-element-dfc71ac elementor-widget elementor-widget-text-editor\" data-id=\"dfc71ac\" data-element_type=\"widget\" data-e-type=\"widget\" data-widget_type=\"text-editor.default\">\n\t\t\t\t\t\t\t\t\t<ul><li>You can make communications about accessibility requirements (article 10.2.a of RD 1112\/2018) such as, for example: Report any possible non-compliance by this website, transmit other difficulties in accessing the content, make any other query or suggestion for improvement related to the accessibility of the website through the email hola@encaramadas.com<\/li><li>You can submit: Complaint regarding compliance with the requirements of RD 1112\/2018 or request for accessible information regarding:<br \/>Contents that are excluded from the scope of RD 1112\/2018 as established by article 3, section 4.<br \/>Content that is exempt from compliance with accessibility requirements because it imposes a disproportionate burden.<\/li><\/ul><div>\u00a0<\/div><p>In the Request for Accessible Information, the facts, reasons, and request must be clearly stated to demonstrate that it is a reasonable and legitimate request.<\/p><p>Complaints and claims regarding accessible information will be made via email. <a href=\"mailto:hola@encaramadas.com\">hola@encaramadas.com<\/a> which will be received and treated by Irene Mar\u00eda Ballesteros Romero.<\/p>\t\t\t\t\t\t\t\t<\/div>\n\t\t\t\t\t<\/div>\n\t\t\t\t<\/div>\n\t\t\t\t<\/div>","protected":false},"excerpt":{"rendered":"<p>Accesibilidad COMPROMISO DE ACCESIBILIDAD Irene Mar\u00eda Ballesteros Romero se ha comprometido a hacer accesible su sitio web, de conformidad con el Real Decreto 1112\/2018, de 7 de septiembre, sobre accesibilidad de los sitios web y aplicaciones para dispositivos m\u00f3viles.La presente declaraci\u00f3n de accesibilidad se aplica al sitio web https:\/\/www.encaramadas.com\/Este sitio web es plenamente conforme con [&hellip;]<\/p>\n","protected":false},"author":2,"featured_media":0,"parent":0,"menu_order":0,"comment_status":"closed","ping_status":"closed","template":"","meta":{"footnotes":""},"class_list":["post-61","page","type-page","status-publish","hentry"],"yoast_head":"<!-- This site is optimized with the Yoast SEO plugin v27.4 - https:\/\/yoast.com\/product\/yoast-seo-wordpress\/ -->\n<title>Accesibilidad | Encaramadas<\/title>\n<meta name=\"robots\" content=\"noindex, nofollow\" \/>\n<meta property=\"og:locale\" content=\"en_GB\" \/>\n<meta property=\"og:type\" content=\"article\" \/>\n<meta property=\"og:title\" content=\"Accesibilidad | Encaramadas\" \/>\n<meta property=\"og:description\" content=\"Accesibilidad COMPROMISO DE ACCESIBILIDAD Irene Mar\u00eda Ballesteros Romero se ha comprometido a hacer accesible su sitio web, de conformidad con el Real Decreto 1112\/2018, de 7 de septiembre, sobre accesibilidad de los sitios web y aplicaciones para dispositivos m\u00f3viles.La presente declaraci\u00f3n de accesibilidad se aplica al sitio web https:\/\/www.encaramadas.com\/Este sitio web es plenamente conforme con [&hellip;]\" \/>\n<meta property=\"og:url\" content=\"https:\/\/encaramadas.com\/en\/accesibilidad\/\" \/>\n<meta property=\"og:site_name\" content=\"Encaramadas\" \/>\n<meta property=\"article:modified_time\" content=\"2025-10-24T09:55:04+00:00\" \/>\n<meta name=\"twitter:card\" content=\"summary_large_image\" \/>\n<meta name=\"twitter:label1\" content=\"Estimated reading time\" \/>\n\t<meta name=\"twitter:data1\" content=\"3 minutes\" \/>\n<script type=\"application\/ld+json\" class=\"yoast-schema-graph\">{\"@context\":\"https:\\\/\\\/schema.org\",\"@graph\":[{\"@type\":\"WebPage\",\"@id\":\"https:\\\/\\\/encaramadas.com\\\/accesibilidad\\\/\",\"url\":\"https:\\\/\\\/encaramadas.com\\\/accesibilidad\\\/\",\"name\":\"Accesibilidad | Encaramadas\",\"isPartOf\":{\"@id\":\"https:\\\/\\\/encaramadas.com\\\/#website\"},\"datePublished\":\"2025-06-26T09:52:02+00:00\",\"dateModified\":\"2025-10-24T09:55:04+00:00\",\"breadcrumb\":{\"@id\":\"https:\\\/\\\/encaramadas.com\\\/accesibilidad\\\/#breadcrumb\"},\"inLanguage\":\"en-GB\",\"potentialAction\":[{\"@type\":\"ReadAction\",\"target\":[\"https:\\\/\\\/encaramadas.com\\\/accesibilidad\\\/\"]}]},{\"@type\":\"BreadcrumbList\",\"@id\":\"https:\\\/\\\/encaramadas.com\\\/accesibilidad\\\/#breadcrumb\",\"itemListElement\":[{\"@type\":\"ListItem\",\"position\":1,\"name\":\"Portada\",\"item\":\"https:\\\/\\\/encaramadas.com\\\/\"},{\"@type\":\"ListItem\",\"position\":2,\"name\":\"Accesibilidad\"}]},{\"@type\":\"WebSite\",\"@id\":\"https:\\\/\\\/encaramadas.com\\\/#website\",\"url\":\"https:\\\/\\\/encaramadas.com\\\/\",\"name\":\"Encaramadas\",\"description\":\"Compa\u00f1\u00eda de danza en C\u00e1diz\",\"publisher\":{\"@id\":\"https:\\\/\\\/encaramadas.com\\\/#organization\"},\"alternateName\":\"Encaramadas Compa\u00f1\u00eda de danza\",\"potentialAction\":[{\"@type\":\"SearchAction\",\"target\":{\"@type\":\"EntryPoint\",\"urlTemplate\":\"https:\\\/\\\/encaramadas.com\\\/?s={search_term_string}\"},\"query-input\":{\"@type\":\"PropertyValueSpecification\",\"valueRequired\":true,\"valueName\":\"search_term_string\"}}],\"inLanguage\":\"en-GB\"},{\"@type\":\"Organization\",\"@id\":\"https:\\\/\\\/encaramadas.com\\\/#organization\",\"name\":\"Encaramadas\",\"alternateName\":\"Compa\u00f1\u00eda de danza\",\"url\":\"https:\\\/\\\/encaramadas.com\\\/\",\"logo\":{\"@type\":\"ImageObject\",\"inLanguage\":\"en-GB\",\"@id\":\"https:\\\/\\\/encaramadas.com\\\/#\\\/schema\\\/logo\\\/image\\\/\",\"url\":\"https:\\\/\\\/encaramadas.com\\\/wp-content\\\/uploads\\\/2025\\\/06\\\/logo-Encaramadas.svg\",\"contentUrl\":\"https:\\\/\\\/encaramadas.com\\\/wp-content\\\/uploads\\\/2025\\\/06\\\/logo-Encaramadas.svg\",\"width\":172,\"height\":21,\"caption\":\"Encaramadas\"},\"image\":{\"@id\":\"https:\\\/\\\/encaramadas.com\\\/#\\\/schema\\\/logo\\\/image\\\/\"}}]}<\/script>\n<!-- \/ Yoast SEO plugin. -->","yoast_head_json":{"title":"Accessibility | Perched","robots":{"index":"noindex","follow":"nofollow"},"og_locale":"en_GB","og_type":"article","og_title":"Accesibilidad | Encaramadas","og_description":"Accesibilidad COMPROMISO DE ACCESIBILIDAD Irene Mar\u00eda Ballesteros Romero se ha comprometido a hacer accesible su sitio web, de conformidad con el Real Decreto 1112\/2018, de 7 de septiembre, sobre accesibilidad de los sitios web y aplicaciones para dispositivos m\u00f3viles.La presente declaraci\u00f3n de accesibilidad se aplica al sitio web https:\/\/www.encaramadas.com\/Este sitio web es plenamente conforme con [&hellip;]","og_url":"https:\/\/encaramadas.com\/en\/accesibilidad\/","og_site_name":"Encaramadas","article_modified_time":"2025-10-24T09:55:04+00:00","twitter_card":"summary_large_image","twitter_misc":{"Estimated reading time":"3 minutes"},"schema":{"@context":"https:\/\/schema.org","@graph":[{"@type":"WebPage","@id":"https:\/\/encaramadas.com\/accesibilidad\/","url":"https:\/\/encaramadas.com\/accesibilidad\/","name":"Accessibility | Perched","isPartOf":{"@id":"https:\/\/encaramadas.com\/#website"},"datePublished":"2025-06-26T09:52:02+00:00","dateModified":"2025-10-24T09:55:04+00:00","breadcrumb":{"@id":"https:\/\/encaramadas.com\/accesibilidad\/#breadcrumb"},"inLanguage":"en-GB","potentialAction":[{"@type":"ReadAction","target":["https:\/\/encaramadas.com\/accesibilidad\/"]}]},{"@type":"BreadcrumbList","@id":"https:\/\/encaramadas.com\/accesibilidad\/#breadcrumb","itemListElement":[{"@type":"ListItem","position":1,"name":"Portada","item":"https:\/\/encaramadas.com\/"},{"@type":"ListItem","position":2,"name":"Accesibilidad"}]},{"@type":"WebSite","@id":"https:\/\/encaramadas.com\/#website","url":"https:\/\/encaramadas.com\/","name":"Perched","description":"Dance company in Cadiz","publisher":{"@id":"https:\/\/encaramadas.com\/#organization"},"alternateName":"Encaramadas Compa\u00f1\u00eda de danza","potentialAction":[{"@type":"SearchAction","target":{"@type":"EntryPoint","urlTemplate":"https:\/\/encaramadas.com\/?s={search_term_string}"},"query-input":{"@type":"PropertyValueSpecification","valueRequired":true,"valueName":"search_term_string"}}],"inLanguage":"en-GB"},{"@type":"Organization","@id":"https:\/\/encaramadas.com\/#organization","name":"Perched","alternateName":"Compa\u00f1\u00eda de danza","url":"https:\/\/encaramadas.com\/","logo":{"@type":"ImageObject","inLanguage":"en-GB","@id":"https:\/\/encaramadas.com\/#\/schema\/logo\/image\/","url":"https:\/\/encaramadas.com\/wp-content\/uploads\/2025\/06\/logo-Encaramadas.svg","contentUrl":"https:\/\/encaramadas.com\/wp-content\/uploads\/2025\/06\/logo-Encaramadas.svg","width":172,"height":21,"caption":"Encaramadas"},"image":{"@id":"https:\/\/encaramadas.com\/#\/schema\/logo\/image\/"}}]}},"_links":{"self":[{"href":"https:\/\/encaramadas.com\/en\/wp-json\/wp\/v2\/pages\/61","targetHints":{"allow":["GET"]}}],"collection":[{"href":"https:\/\/encaramadas.com\/en\/wp-json\/wp\/v2\/pages"}],"about":[{"href":"https:\/\/encaramadas.com\/en\/wp-json\/wp\/v2\/types\/page"}],"author":[{"embeddable":true,"href":"https:\/\/encaramadas.com\/en\/wp-json\/wp\/v2\/users\/2"}],"replies":[{"embeddable":true,"href":"https:\/\/encaramadas.com\/en\/wp-json\/wp\/v2\/comments?post=61"}],"version-history":[{"count":0,"href":"https:\/\/encaramadas.com\/en\/wp-json\/wp\/v2\/pages\/61\/revisions"}],"wp:attachment":[{"href":"https:\/\/encaramadas.com\/en\/wp-json\/wp\/v2\/media?parent=61"}],"curies":[{"name":"wp","href":"https:\/\/api.w.org\/{rel}","templated":true}]}}