{"id":198,"date":"2025-06-30T10:01:08","date_gmt":"2025-06-30T08:01:08","guid":{"rendered":"https:\/\/encaramadas.com\/?page_id=198"},"modified":"2025-12-22T10:48:13","modified_gmt":"2025-12-22T09:48:13","slug":"contacto","status":"publish","type":"page","link":"https:\/\/encaramadas.com\/en\/contacto\/","title":{"rendered":"Contact"},"content":{"rendered":"\t\t<div data-elementor-type=\"wp-page\" data-elementor-id=\"198\" class=\"elementor elementor-198\" data-elementor-post-type=\"page\">\n\t\t\t\t<div class=\"elementor-element elementor-element-83587b7 e-flex e-con-boxed e-con e-parent\" data-id=\"83587b7\" data-element_type=\"container\" data-e-type=\"container\" data-settings=\"{&quot;background_background&quot;:&quot;classic&quot;}\">\n\t\t\t\t\t<div class=\"e-con-inner\">\n\t\t<div class=\"elementor-element elementor-element-5acff82 e-con-full e-flex e-con e-child\" data-id=\"5acff82\" data-element_type=\"container\" data-e-type=\"container\">\n\t\t\t\t<div class=\"elementor-element elementor-element-6a091d6 elementor-widget elementor-widget-image\" data-id=\"6a091d6\" data-element_type=\"widget\" data-e-type=\"widget\" data-widget_type=\"image.default\">\n\t\t\t\t\t\t\t\t\t\t\t\t\t\t\t<img fetchpriority=\"high\" decoding=\"async\" width=\"1686\" height=\"1124\" src=\"https:\/\/encaramadas.com\/wp-content\/uploads\/2025\/07\/Compania-de-danza.webp\" class=\"attachment-full size-full wp-image-390\" alt=\"Encaramadas danza\" srcset=\"https:\/\/encaramadas.com\/wp-content\/uploads\/2025\/07\/Compania-de-danza.webp 1686w, https:\/\/encaramadas.com\/wp-content\/uploads\/2025\/07\/Compania-de-danza-300x200.webp 300w, https:\/\/encaramadas.com\/wp-content\/uploads\/2025\/07\/Compania-de-danza-1024x683.webp 1024w, https:\/\/encaramadas.com\/wp-content\/uploads\/2025\/07\/Compania-de-danza-768x512.webp 768w, https:\/\/encaramadas.com\/wp-content\/uploads\/2025\/07\/Compania-de-danza-1536x1024.webp 1536w\" sizes=\"(max-width: 1686px) 100vw, 1686px\" \/>\t\t\t\t\t\t\t\t\t\t\t\t\t\t\t<\/div>\n\t\t\t\t<div class=\"elementor-element elementor-element-d7407bc elementor-widget__width-initial elementor-invisible elementor-widget elementor-widget-heading\" data-id=\"d7407bc\" data-element_type=\"widget\" data-e-type=\"widget\" data-settings=\"{&quot;_animation&quot;:&quot;fadeIn&quot;}\" data-widget_type=\"heading.default\">\n\t\t\t\t\t<h2 class=\"elementor-heading-title elementor-size-default\">Cont\u00e1ctanos<\/h2>\t\t\t\t<\/div>\n\t\t\t\t<div class=\"elementor-element elementor-element-39fdcd0 elementor-widget elementor-widget-text-editor\" data-id=\"39fdcd0\" data-element_type=\"widget\" data-e-type=\"widget\" data-widget_type=\"text-editor.default\">\n\t\t\t\t\t\t\t\t\t<p>\u00bfTe gustar\u00eda contar con nuestra pieza, organizar un taller o colaborar en un proyecto?<\/p><p>Escr\u00edbenos, estaremos encantadas de escucharte y dar forma a nuevas ideas juntas.<\/p>\t\t\t\t\t\t\t\t<\/div>\n\t\t\t\t<div class=\"elementor-element elementor-element-ca9e2e4 elementor-icon-list--layout-traditional elementor-list-item-link-full_width elementor-widget elementor-widget-icon-list\" data-id=\"ca9e2e4\" data-element_type=\"widget\" data-e-type=\"widget\" data-widget_type=\"icon-list.default\">\n\t\t\t\t\t\t\t<ul class=\"elementor-icon-list-items\">\n\t\t\t\t\t\t\t<li class=\"elementor-icon-list-item\">\n\t\t\t\t\t\t\t\t\t\t\t<a href=\"mailto:hola@encaramadas.com\" target=\"_blank\">\n\n\t\t\t\t\t\t\t\t\t\t\t\t<span class=\"elementor-icon-list-icon\">\n\t\t\t\t\t\t\t<svg aria-hidden=\"true\" class=\"e-font-icon-svg e-far-envelope\" viewBox=\"0 0 512 512\" xmlns=\"http:\/\/www.w3.org\/2000\/svg\"><path d=\"M464 64H48C21.49 64 0 85.49 0 112v288c0 26.51 21.49 48 48 48h416c26.51 0 48-21.49 48-48V112c0-26.51-21.49-48-48-48zm0 48v40.805c-22.422 18.259-58.168 46.651-134.587 106.49-16.841 13.247-50.201 45.072-73.413 44.701-23.208.375-56.579-31.459-73.413-44.701C106.18 199.465 70.425 171.067 48 152.805V112h416zM48 400V214.398c22.914 18.251 55.409 43.862 104.938 82.646 21.857 17.205 60.134 55.186 103.062 54.955 42.717.231 80.509-37.199 103.053-54.947 49.528-38.783 82.032-64.401 104.947-82.653V400H48z\"><\/path><\/svg>\t\t\t\t\t\t<\/span>\n\t\t\t\t\t\t\t\t\t\t<span class=\"elementor-icon-list-text\">hola@encaramadas.com<\/span>\n\t\t\t\t\t\t\t\t\t\t\t<\/a>\n\t\t\t\t\t\t\t\t\t<\/li>\n\t\t\t\t\t\t\t\t<li class=\"elementor-icon-list-item\">\n\t\t\t\t\t\t\t\t\t\t\t<a href=\"tel:+34623100809\" target=\"_blank\">\n\n\t\t\t\t\t\t\t\t\t\t\t\t<span class=\"elementor-icon-list-icon\">\n\t\t\t\t\t\t\t<svg aria-hidden=\"true\" class=\"e-font-icon-svg e-fas-phone-alt\" viewBox=\"0 0 512 512\" xmlns=\"http:\/\/www.w3.org\/2000\/svg\"><path d=\"M497.39 361.8l-112-48a24 24 0 0 0-28 6.9l-49.6 60.6A370.66 370.66 0 0 1 130.6 204.11l60.6-49.6a23.94 23.94 0 0 0 6.9-28l-48-112A24.16 24.16 0 0 0 122.6.61l-104 24A24 24 0 0 0 0 48c0 256.5 207.9 464 464 464a24 24 0 0 0 23.4-18.6l24-104a24.29 24.29 0 0 0-14.01-27.6z\"><\/path><\/svg>\t\t\t\t\t\t<\/span>\n\t\t\t\t\t\t\t\t\t\t<span class=\"elementor-icon-list-text\">+34 623100809<\/span>\n\t\t\t\t\t\t\t\t\t\t\t<\/a>\n\t\t\t\t\t\t\t\t\t<\/li>\n\t\t\t\t\t\t<\/ul>\n\t\t\t\t\t\t<\/div>\n\t\t\t\t<\/div>\n\t\t\t\t<div class=\"elementor-element elementor-element-490ab57 olab-contact-form elementor-widget__width-initial elementor-button-align-stretch elementor-widget elementor-widget-form\" data-id=\"490ab57\" data-element_type=\"widget\" data-e-type=\"widget\" data-settings=\"{&quot;step_next_label&quot;:&quot;Siguiente&quot;,&quot;step_previous_label&quot;:&quot;Anterior&quot;,&quot;button_width&quot;:&quot;100&quot;,&quot;step_type&quot;:&quot;number_text&quot;,&quot;step_icon_shape&quot;:&quot;circle&quot;}\" data-widget_type=\"form.default\">\n\t\t\t\t\t\t\t<form class=\"elementor-form\" method=\"post\" name=\"Formulario contacto de PAGINICIO\" aria-label=\"Formulario contacto de PAGINICIO\">\n\t\t\t<input type=\"hidden\" name=\"post_id\" value=\"198\"\/>\n\t\t\t<input type=\"hidden\" name=\"form_id\" value=\"490ab57\"\/>\n\t\t\t<input type=\"hidden\" name=\"referer_title\" value=\"Encaramadas\" \/>\n\n\t\t\t\n\t\t\t<div class=\"elementor-form-fields-wrapper elementor-labels-above\">\n\t\t\t\t\t\t\t\t<div class=\"elementor-field-type-text elementor-field-group elementor-column elementor-field-group-name elementor-col-100\">\n\t\t\t\t\t\t\t\t\t\t\t\t<label for=\"form-field-name\" class=\"elementor-field-label\">\n\t\t\t\t\t\t\t\tTu nombre\t\t\t\t\t\t\t<\/label>\n\t\t\t\t\t\t\t\t\t\t\t\t\t\t<input size=\"1\" type=\"text\" name=\"form_fields[name]\" id=\"form-field-name\" class=\"elementor-field elementor-size-sm  elementor-field-textual\" placeholder=\"Nombre\">\n\t\t\t\t\t\t\t\t\t\t\t<\/div>\n\t\t\t\t\t\t\t\t<div class=\"elementor-field-type-email elementor-field-group elementor-column elementor-field-group-email elementor-col-100 elementor-field-required elementor-mark-required\">\n\t\t\t\t\t\t\t\t\t\t\t\t<label for=\"form-field-email\" class=\"elementor-field-label\">\n\t\t\t\t\t\t\t\tTu Mail\t\t\t\t\t\t\t<\/label>\n\t\t\t\t\t\t\t\t\t\t\t\t\t\t<input size=\"1\" type=\"email\" name=\"form_fields[email]\" id=\"form-field-email\" class=\"elementor-field elementor-size-sm  elementor-field-textual\" placeholder=\"Email\" required=\"required\">\n\t\t\t\t\t\t\t\t\t\t\t<\/div>\n\t\t\t\t\t\t\t\t<div class=\"elementor-field-type-tel elementor-field-group elementor-column elementor-field-group-field_f12bae0 elementor-col-100 elementor-field-required elementor-mark-required\">\n\t\t\t\t\t\t\t\t\t\t\t\t<label for=\"form-field-field_f12bae0\" class=\"elementor-field-label\">\n\t\t\t\t\t\t\t\tTu Tel\u00e9fono\t\t\t\t\t\t\t<\/label>\n\t\t\t\t\t\t\t\t<input size=\"1\" type=\"tel\" name=\"form_fields[field_f12bae0]\" id=\"form-field-field_f12bae0\" class=\"elementor-field elementor-size-sm  elementor-field-textual\" placeholder=\"Tel\u00e9fono\" required=\"required\" pattern=\"[0-9()#&amp;+*-=.]+\" title=\"Only numbers and phone characters (#, -, *, etc) are accepted.\">\n\n\t\t\t\t\t\t<\/div>\n\t\t\t\t\t\t\t\t<div class=\"elementor-field-type-text\">\n\t\t\t\t\t<input size=\"1\" type=\"text\" name=\"form_fields[field_8ad274f]\" id=\"form-field-field_8ad274f\" class=\"elementor-field elementor-size-sm \" style=\"display:none !important;\">\t\t\t\t<\/div>\n\t\t\t\t\t\t\t\t<div class=\"elementor-field-type-acceptance elementor-field-group elementor-column elementor-field-group-field_6e21b72 elementor-col-100\">\n\t\t\t\t\t\t\t<div class=\"elementor-field-subgroup\">\n\t\t\t<span class=\"elementor-field-option\">\n\t\t\t\t<input type=\"checkbox\" name=\"form_fields[field_6e21b72]\" id=\"form-field-field_6e21b72\" class=\"elementor-field elementor-size-sm  elementor-acceptance-field\">\n\t\t\t\t<label for=\"form-field-field_6e21b72\">Acepto la <a style=\"font-weight: 700; text-decoration: underline;\" href=\"\/politica-privacidad\">pol\u00edtica de privacidad<\/a><\/label>\t\t\t<\/span>\n\t\t<\/div>\n\t\t\t\t\t\t<\/div>\n\t\t\t\t\t\t\t\t<div class=\"elementor-field-type-recaptcha_v3 elementor-field-group elementor-column elementor-field-group-field_b89f123 elementor-col-100 recaptcha_v3-bottomleft\">\n\t\t\t\t\t<div class=\"elementor-field\" id=\"form-field-field_b89f123\"><div class=\"elementor-g-recaptcha\" data-sitekey=\"6LfSt3MrAAAAAPwJw0BJCtilK332-LOQ5R0mC8Q4\" data-type=\"v3\" data-action=\"Form\" data-badge=\"bottomleft\" data-size=\"invisible\"><\/div><\/div>\t\t\t\t<\/div>\n\t\t\t\t\t\t\t\t<div class=\"elementor-field-group elementor-column elementor-field-type-submit elementor-col-100 e-form__buttons\">\n\t\t\t\t\t<button class=\"elementor-button elementor-size-md\" type=\"submit\">\n\t\t\t\t\t\t<span class=\"elementor-button-content-wrapper\">\n\t\t\t\t\t\t\t\t\t\t\t\t\t\t\t\t\t\t\t\t\t\t<span class=\"elementor-button-text\">Enviar<\/span>\n\t\t\t\t\t\t\t\t\t\t\t\t\t<\/span>\n\t\t\t\t\t<\/button>\n\t\t\t\t<\/div>\n\t\t\t<\/div>\n\t\t<\/form>\n\t\t\t\t\t\t<\/div>\n\t\t\t\t\t<\/div>\n\t\t\t\t<\/div>\n\t\t<div class=\"elementor-element elementor-element-96db7e4 e-flex e-con-boxed e-con e-parent\" data-id=\"96db7e4\" data-element_type=\"container\" data-e-type=\"container\" data-settings=\"{&quot;background_background&quot;:&quot;classic&quot;}\">\n\t\t\t\t\t<div class=\"e-con-inner\">\n\t\t<div class=\"elementor-element elementor-element-c8c917f e-con-full e-flex e-con e-child\" data-id=\"c8c917f\" data-element_type=\"container\" data-e-type=\"container\" data-settings=\"{&quot;background_background&quot;:&quot;classic&quot;,&quot;background_motion_fx_motion_fx_scrolling&quot;:&quot;yes&quot;,&quot;background_motion_fx_scale_effect&quot;:&quot;yes&quot;,&quot;background_motion_fx_scale_direction&quot;:&quot;out-in&quot;,&quot;background_motion_fx_scale_speed&quot;:{&quot;unit&quot;:&quot;px&quot;,&quot;size&quot;:4,&quot;sizes&quot;:[]},&quot;background_motion_fx_scale_range&quot;:{&quot;unit&quot;:&quot;%&quot;,&quot;size&quot;:&quot;&quot;,&quot;sizes&quot;:{&quot;start&quot;:20,&quot;end&quot;:80}},&quot;background_motion_fx_devices&quot;:[&quot;desktop&quot;,&quot;tablet&quot;,&quot;mobile&quot;]}\">\n\t\t<div class=\"elementor-element elementor-element-271076f e-con-full e-flex e-con e-child\" data-id=\"271076f\" data-element_type=\"container\" data-e-type=\"container\">\n\t\t\t\t<div class=\"elementor-element elementor-element-6b55db0 elementor-widget elementor-widget-heading\" data-id=\"6b55db0\" data-element_type=\"widget\" data-e-type=\"widget\" data-widget_type=\"heading.default\">\n\t\t\t\t\t<h2 class=\"elementor-heading-title elementor-size-default\">Conoce nuestra escuela La Kinesfera<\/h2>\t\t\t\t<\/div>\n\t\t\t\t<div class=\"elementor-element elementor-element-b6113df elementor-widget elementor-widget-text-editor\" data-id=\"b6113df\" data-element_type=\"widget\" data-e-type=\"widget\" data-widget_type=\"text-editor.default\">\n\t\t\t\t\t\t\t\t\t<p>Adem\u00e1s de bailarinas, somos Fundadoras de la Escuela de Danza y Movimiento Creativo <br \/>\u00abLa Kinesfera\u00bb<\/p>\t\t\t\t\t\t\t\t<\/div>\n\t\t\t\t<div class=\"elementor-element elementor-element-9eedc88 elementor-align-justify elementor-widget__width-initial elementor-invisible elementor-widget elementor-widget-button\" data-id=\"9eedc88\" data-element_type=\"widget\" data-e-type=\"widget\" data-settings=\"{&quot;_animation&quot;:&quot;fadeIn&quot;}\" data-widget_type=\"button.default\">\n\t\t\t\t\t\t\t\t\t\t<a class=\"elementor-button elementor-button-link elementor-size-sm\" href=\"https:\/\/lakinesfera.com\/\">\n\t\t\t\t\t\t<span class=\"elementor-button-content-wrapper\">\n\t\t\t\t\t\t\t\t\t<span class=\"elementor-button-text\">\u00a1Con\u00f3cela!<\/span>\n\t\t\t\t\t<\/span>\n\t\t\t\t\t<\/a>\n\t\t\t\t\t\t\t\t<\/div>\n\t\t\t\t<\/div>\n\t\t\t\t<\/div>\n\t\t\t\t\t<\/div>\n\t\t\t\t<\/div>\n\t\t\t\t<\/div>\n\t\t","protected":false},"excerpt":{"rendered":"<p>Contact us Would you like to feature our piece, organize a workshop, or collaborate on a project? Write to us, we&#039;d love to hear from you and shape new ideas together. hola@encaramadas.com +34 623100809 Get to know our school La Kinesfera In addition to being dancers, we are the founders of the Dance and Creative Movement School &quot;La Kinesfera.&quot; Get to know it!<\/p>","protected":false},"author":2,"featured_media":390,"parent":0,"menu_order":0,"comment_status":"closed","ping_status":"closed","template":"","meta":{"footnotes":""},"class_list":["post-198","page","type-page","status-publish","has-post-thumbnail","hentry"],"yoast_head":"<!-- This site is optimized with the Yoast SEO plugin v27.4 - https:\/\/yoast.com\/product\/yoast-seo-wordpress\/ -->\n<title>Cont\u00e1ctanos y descubre Encaramadas. Compa\u00f1\u00eda de danza. | Encaramadas<\/title>\n<meta name=\"description\" content=\"\u00bfQuieres saber m\u00e1s sobre nuestras obras o talleres? Cont\u00e1ctanos y conecta con Encaramadas, compa\u00f1\u00eda de danza en C\u00e1diz.\" \/>\n<meta name=\"robots\" content=\"index, follow, max-snippet:-1, max-image-preview:large, max-video-preview:-1\" \/>\n<link rel=\"canonical\" href=\"https:\/\/encaramadas.com\/en\/contacto\/\" \/>\n<meta property=\"og:locale\" content=\"en_GB\" \/>\n<meta property=\"og:type\" content=\"article\" \/>\n<meta property=\"og:title\" content=\"Cont\u00e1ctanos y descubre Encaramadas. Compa\u00f1\u00eda de danza. | Encaramadas\" \/>\n<meta property=\"og:description\" content=\"\u00bfQuieres saber m\u00e1s sobre nuestras obras o talleres? Cont\u00e1ctanos y conecta con Encaramadas, compa\u00f1\u00eda de danza en C\u00e1diz.\" \/>\n<meta property=\"og:url\" content=\"https:\/\/encaramadas.com\/en\/contacto\/\" \/>\n<meta property=\"og:site_name\" content=\"Encaramadas\" \/>\n<meta property=\"article:modified_time\" content=\"2025-12-22T09:48:13+00:00\" \/>\n<meta property=\"og:image\" content=\"https:\/\/encaramadas.com\/wp-content\/uploads\/2025\/07\/Compania-de-danza.webp\" \/>\n\t<meta property=\"og:image:width\" content=\"1686\" \/>\n\t<meta property=\"og:image:height\" content=\"1124\" \/>\n\t<meta property=\"og:image:type\" content=\"image\/webp\" \/>\n<meta name=\"twitter:card\" content=\"summary_large_image\" \/>\n<meta name=\"twitter:label1\" content=\"Estimated reading time\" \/>\n\t<meta name=\"twitter:data1\" content=\"1 minute\" \/>\n<script type=\"application\/ld+json\" class=\"yoast-schema-graph\">{\"@context\":\"https:\\\/\\\/schema.org\",\"@graph\":[{\"@type\":\"WebPage\",\"@id\":\"https:\\\/\\\/encaramadas.com\\\/contacto\\\/\",\"url\":\"https:\\\/\\\/encaramadas.com\\\/contacto\\\/\",\"name\":\"Cont\u00e1ctanos y descubre Encaramadas. Compa\u00f1\u00eda de danza. | Encaramadas\",\"isPartOf\":{\"@id\":\"https:\\\/\\\/encaramadas.com\\\/#website\"},\"primaryImageOfPage\":{\"@id\":\"https:\\\/\\\/encaramadas.com\\\/contacto\\\/#primaryimage\"},\"image\":{\"@id\":\"https:\\\/\\\/encaramadas.com\\\/contacto\\\/#primaryimage\"},\"thumbnailUrl\":\"https:\\\/\\\/encaramadas.com\\\/wp-content\\\/uploads\\\/2025\\\/07\\\/Compania-de-danza.webp\",\"datePublished\":\"2025-06-30T08:01:08+00:00\",\"dateModified\":\"2025-12-22T09:48:13+00:00\",\"description\":\"\u00bfQuieres saber m\u00e1s sobre nuestras obras o talleres? Cont\u00e1ctanos y conecta con Encaramadas, compa\u00f1\u00eda de danza en C\u00e1diz.\",\"breadcrumb\":{\"@id\":\"https:\\\/\\\/encaramadas.com\\\/contacto\\\/#breadcrumb\"},\"inLanguage\":\"en-GB\",\"potentialAction\":[{\"@type\":\"ReadAction\",\"target\":[\"https:\\\/\\\/encaramadas.com\\\/contacto\\\/\"]}]},{\"@type\":\"ImageObject\",\"inLanguage\":\"en-GB\",\"@id\":\"https:\\\/\\\/encaramadas.com\\\/contacto\\\/#primaryimage\",\"url\":\"https:\\\/\\\/encaramadas.com\\\/wp-content\\\/uploads\\\/2025\\\/07\\\/Compania-de-danza.webp\",\"contentUrl\":\"https:\\\/\\\/encaramadas.com\\\/wp-content\\\/uploads\\\/2025\\\/07\\\/Compania-de-danza.webp\",\"width\":1686,\"height\":1124,\"caption\":\"Encaramadas danza\"},{\"@type\":\"BreadcrumbList\",\"@id\":\"https:\\\/\\\/encaramadas.com\\\/contacto\\\/#breadcrumb\",\"itemListElement\":[{\"@type\":\"ListItem\",\"position\":1,\"name\":\"Portada\",\"item\":\"https:\\\/\\\/encaramadas.com\\\/\"},{\"@type\":\"ListItem\",\"position\":2,\"name\":\"Contacto\"}]},{\"@type\":\"WebSite\",\"@id\":\"https:\\\/\\\/encaramadas.com\\\/#website\",\"url\":\"https:\\\/\\\/encaramadas.com\\\/\",\"name\":\"Encaramadas\",\"description\":\"Compa\u00f1\u00eda de danza en C\u00e1diz\",\"publisher\":{\"@id\":\"https:\\\/\\\/encaramadas.com\\\/#organization\"},\"alternateName\":\"Encaramadas Compa\u00f1\u00eda de danza\",\"potentialAction\":[{\"@type\":\"SearchAction\",\"target\":{\"@type\":\"EntryPoint\",\"urlTemplate\":\"https:\\\/\\\/encaramadas.com\\\/?s={search_term_string}\"},\"query-input\":{\"@type\":\"PropertyValueSpecification\",\"valueRequired\":true,\"valueName\":\"search_term_string\"}}],\"inLanguage\":\"en-GB\"},{\"@type\":\"Organization\",\"@id\":\"https:\\\/\\\/encaramadas.com\\\/#organization\",\"name\":\"Encaramadas\",\"alternateName\":\"Compa\u00f1\u00eda de danza\",\"url\":\"https:\\\/\\\/encaramadas.com\\\/\",\"logo\":{\"@type\":\"ImageObject\",\"inLanguage\":\"en-GB\",\"@id\":\"https:\\\/\\\/encaramadas.com\\\/#\\\/schema\\\/logo\\\/image\\\/\",\"url\":\"https:\\\/\\\/encaramadas.com\\\/wp-content\\\/uploads\\\/2025\\\/06\\\/logo-Encaramadas.svg\",\"contentUrl\":\"https:\\\/\\\/encaramadas.com\\\/wp-content\\\/uploads\\\/2025\\\/06\\\/logo-Encaramadas.svg\",\"width\":172,\"height\":21,\"caption\":\"Encaramadas\"},\"image\":{\"@id\":\"https:\\\/\\\/encaramadas.com\\\/#\\\/schema\\\/logo\\\/image\\\/\"}}]}<\/script>\n<!-- \/ Yoast SEO plugin. -->","yoast_head_json":{"title":"Contact us and discover Encaramadas. Dance Company. | Encaramadas","description":"Want to learn more about our shows or workshops? Contact us and connect with Encaramadas, a dance company in C\u00e1diz.","robots":{"index":"index","follow":"follow","max-snippet":"max-snippet:-1","max-image-preview":"max-image-preview:large","max-video-preview":"max-video-preview:-1"},"canonical":"https:\/\/encaramadas.com\/en\/contacto\/","og_locale":"en_GB","og_type":"article","og_title":"Cont\u00e1ctanos y descubre Encaramadas. Compa\u00f1\u00eda de danza. | Encaramadas","og_description":"\u00bfQuieres saber m\u00e1s sobre nuestras obras o talleres? Cont\u00e1ctanos y conecta con Encaramadas, compa\u00f1\u00eda de danza en C\u00e1diz.","og_url":"https:\/\/encaramadas.com\/en\/contacto\/","og_site_name":"Encaramadas","article_modified_time":"2025-12-22T09:48:13+00:00","og_image":[{"width":1686,"height":1124,"url":"https:\/\/encaramadas.com\/wp-content\/uploads\/2025\/07\/Compania-de-danza.webp","type":"image\/webp"}],"twitter_card":"summary_large_image","twitter_misc":{"Estimated reading time":"1 minute"},"schema":{"@context":"https:\/\/schema.org","@graph":[{"@type":"WebPage","@id":"https:\/\/encaramadas.com\/contacto\/","url":"https:\/\/encaramadas.com\/contacto\/","name":"Contact us and discover Encaramadas. Dance Company. | Encaramadas","isPartOf":{"@id":"https:\/\/encaramadas.com\/#website"},"primaryImageOfPage":{"@id":"https:\/\/encaramadas.com\/contacto\/#primaryimage"},"image":{"@id":"https:\/\/encaramadas.com\/contacto\/#primaryimage"},"thumbnailUrl":"https:\/\/encaramadas.com\/wp-content\/uploads\/2025\/07\/Compania-de-danza.webp","datePublished":"2025-06-30T08:01:08+00:00","dateModified":"2025-12-22T09:48:13+00:00","description":"Want to learn more about our shows or workshops? Contact us and connect with Encaramadas, a dance company in C\u00e1diz.","breadcrumb":{"@id":"https:\/\/encaramadas.com\/contacto\/#breadcrumb"},"inLanguage":"en-GB","potentialAction":[{"@type":"ReadAction","target":["https:\/\/encaramadas.com\/contacto\/"]}]},{"@type":"ImageObject","inLanguage":"en-GB","@id":"https:\/\/encaramadas.com\/contacto\/#primaryimage","url":"https:\/\/encaramadas.com\/wp-content\/uploads\/2025\/07\/Compania-de-danza.webp","contentUrl":"https:\/\/encaramadas.com\/wp-content\/uploads\/2025\/07\/Compania-de-danza.webp","width":1686,"height":1124,"caption":"Encaramadas danza"},{"@type":"BreadcrumbList","@id":"https:\/\/encaramadas.com\/contacto\/#breadcrumb","itemListElement":[{"@type":"ListItem","position":1,"name":"Portada","item":"https:\/\/encaramadas.com\/"},{"@type":"ListItem","position":2,"name":"Contacto"}]},{"@type":"WebSite","@id":"https:\/\/encaramadas.com\/#website","url":"https:\/\/encaramadas.com\/","name":"Perched","description":"Dance company in Cadiz","publisher":{"@id":"https:\/\/encaramadas.com\/#organization"},"alternateName":"Encaramadas Compa\u00f1\u00eda de danza","potentialAction":[{"@type":"SearchAction","target":{"@type":"EntryPoint","urlTemplate":"https:\/\/encaramadas.com\/?s={search_term_string}"},"query-input":{"@type":"PropertyValueSpecification","valueRequired":true,"valueName":"search_term_string"}}],"inLanguage":"en-GB"},{"@type":"Organization","@id":"https:\/\/encaramadas.com\/#organization","name":"Perched","alternateName":"Compa\u00f1\u00eda de danza","url":"https:\/\/encaramadas.com\/","logo":{"@type":"ImageObject","inLanguage":"en-GB","@id":"https:\/\/encaramadas.com\/#\/schema\/logo\/image\/","url":"https:\/\/encaramadas.com\/wp-content\/uploads\/2025\/06\/logo-Encaramadas.svg","contentUrl":"https:\/\/encaramadas.com\/wp-content\/uploads\/2025\/06\/logo-Encaramadas.svg","width":172,"height":21,"caption":"Encaramadas"},"image":{"@id":"https:\/\/encaramadas.com\/#\/schema\/logo\/image\/"}}]}},"_links":{"self":[{"href":"https:\/\/encaramadas.com\/en\/wp-json\/wp\/v2\/pages\/198","targetHints":{"allow":["GET"]}}],"collection":[{"href":"https:\/\/encaramadas.com\/en\/wp-json\/wp\/v2\/pages"}],"about":[{"href":"https:\/\/encaramadas.com\/en\/wp-json\/wp\/v2\/types\/page"}],"author":[{"embeddable":true,"href":"https:\/\/encaramadas.com\/en\/wp-json\/wp\/v2\/users\/2"}],"replies":[{"embeddable":true,"href":"https:\/\/encaramadas.com\/en\/wp-json\/wp\/v2\/comments?post=198"}],"version-history":[{"count":0,"href":"https:\/\/encaramadas.com\/en\/wp-json\/wp\/v2\/pages\/198\/revisions"}],"wp:featuredmedia":[{"embeddable":true,"href":"https:\/\/encaramadas.com\/en\/wp-json\/wp\/v2\/media\/390"}],"wp:attachment":[{"href":"https:\/\/encaramadas.com\/en\/wp-json\/wp\/v2\/media?parent=198"}],"curies":[{"name":"wp","href":"https:\/\/api.w.org\/{rel}","templated":true}]}}